{"id":3,"date":"2020-01-13T23:31:24","date_gmt":"2020-01-13T23:31:24","guid":{"rendered":"https:\/\/manejodecrisis.cl\/?page_id=3"},"modified":"2020-01-29T20:27:18","modified_gmt":"2020-01-29T20:27:18","slug":"politica-de-privacidad","status":"publish","type":"page","link":"https:\/\/manejodecrisis.cl\/?page_id=3","title":{"rendered":"Pol\u00edtica de Privacidad"},"content":{"rendered":"\n<h1 class=\"wp-block-heading\"><strong>POL\u00cdTICA\nDE PRIVACIDAD<\/strong><\/h1>\n\n\n\n<p>La presente Pol\u00edtica de Privacidad establece los t\u00e9rminos en que www.manejodecrisis.cl\nusa y protege la informaci\u00f3n que es proporcionada por sus usuarios al momento\nde utilizar su sitio web. Este sitio est\u00e1 comprometido con la seguridad de los\ndatos de sus usuarios. Cuando le pedimos llenar los campos de informaci\u00f3n\npersonal con la cual usted pueda ser identificado, lo hacemos asegurando que\ns\u00f3lo se emplear\u00e1 de acuerdo con los t\u00e9rminos de este documento. Sin embargo,\nesta Pol\u00edtica de Privacidad puede cambiar con el tiempo o ser actualizada por\nlo que le recomendamos y enfatizamos revisar continuamente esta p\u00e1gina para\nasegurarse que est\u00e1 de acuerdo con dichos cambios.<\/p>\n\n\n\n<h2 class=\"wp-block-heading\"><strong>Informaci\u00f3n\nque es recogida<\/strong><\/h2>\n\n\n\n<p>Nuestro sitio web podr\u00e1 recoger informaci\u00f3n personal, por ejemplo:\nNombre, informaci\u00f3n de contacto, como&nbsp;su direcci\u00f3n de correo electr\u00f3nico e\ninformaci\u00f3n demogr\u00e1fica. As\u00ed mismo cuando sea necesario podr\u00e1 ser requerida\ninformaci\u00f3n espec\u00edfica para procesar alg\u00fan pedido o realizar una entrega o\nfacturaci\u00f3n.<\/p>\n\n\n\n<h2 class=\"wp-block-heading\"><strong>Uso de la\ninformaci\u00f3n recogida<\/strong><\/h2>\n\n\n\n<p>Nuestro sitio web emplea la informaci\u00f3n con el fin de proporcionar\nel mejor servicio posible, particularmente para mantener un registro de\nusuarios que interact\u00faen con nuestro sitio y requieran solicitar y\/o mejorar\nnuestros servicios. &nbsp;Es posible que sean enviados correos electr\u00f3nicos\nperi\u00f3dicamente a trav\u00e9s de nuestro sitio con ofertas especiales sobre charlas,\ntalleres, cursos, servicios u otra informaci\u00f3n publicitaria que consideremos\nrelevante para usted o que pueda brindarle alg\u00fan beneficio, estos correos\nelectr\u00f3nicos ser\u00e1n enviados a la direcci\u00f3n que usted proporcione y podr\u00e1n ser\ncancelados en cualquier momento.<\/p>\n\n\n\n<p>www.manejodecrisis.cl est\u00e1 altamente comprometido para cumplir con\nmantener su informaci\u00f3n segura. Como gestionadores del sitio y la materia de\nqu\u00e9 trata, conocemos y usamos los sistemas m\u00e1s avanzados para resguardar la\nseguridad, actualiz\u00e1ndonos constantemente para asegurarnos que no exista ning\u00fan\nacceso no autorizado.<\/p>\n\n\n\n<p><strong>Cookies<\/strong><\/p>\n\n\n\n<p>Una cookie se refiere a un fichero que es enviado con la finalidad\nde solicitar permiso para almacenarse en su ordenador, al aceptar dicho fichero\nse crea y la cookie sirve entonces para tener informaci\u00f3n respecto al tr\u00e1fico\nweb, y tambi\u00e9n facilita las futuras visitas a una web recurrente. Otra funci\u00f3n\nque tienen las cookies es que con ellas las webs pueden reconocerle individualmente\ny por tanto brindarle el mejor servicio personalizado de su web.<\/p>\n\n\n\n<p>Nuestro sitio web emplea las cookies para poder identificar las\np\u00e1ginas que son visitadas y su frecuencia. Esta informaci\u00f3n es empleada\n\u00fanicamente para an\u00e1lisis estad\u00edstico y despu\u00e9s la informaci\u00f3n se elimina de\nforma permanente. Usted puede eliminar las cookies en cualquier momento desde\nsu ordenador. Sin embargo, las cookies ayudan a proporcionar un mejor servicio\nde los sitios web, est\u00e1s no dan acceso a informaci\u00f3n de su ordenador ni de\nusted, a menos de que usted as\u00ed lo quiera y la proporcione directamente. Usted\npuede aceptar o negar el uso de cookies, no obstante, la mayor\u00eda de los\nnavegadores aceptan cookies autom\u00e1ticamente pues sirven para tener un mejor\nservicio web. Tambi\u00e9n usted puede cambiar la configuraci\u00f3n de su ordenador para\ndeclinar las cookies. Si se declinan es posible que no pueda utilizar algunos\nde nuestros servicios.<\/p>\n\n\n\n<h2 class=\"wp-block-heading\"><strong>Enlaces a\nTerceros<\/strong><\/h2>\n\n\n\n<p>Este sitio web pudiera contener enlaces a otros sitios que\npudieran ser de su inter\u00e9s. Una vez que usted de clic en estos enlaces y\nabandone nuestra p\u00e1gina, ya no tenemos control respecto del sitio al que es\nredirigido y por lo tanto no somos responsables de los t\u00e9rminos o privacidad ni\nde la protecci\u00f3n de sus datos en esos otros sitios terceros. Dichos sitios\nest\u00e1n sujetos a sus propias pol\u00edticas de privacidad por lo cual es recomendable\nque los consulte para confirmar que usted est\u00e1 de acuerdo con \u00e9stas.<\/p>\n\n\n\n<p><strong>Control de su informaci\u00f3n personal<\/strong><\/p>\n\n\n\n<p>En cualquier momento usted puede restringir la recopilaci\u00f3n o el\nuso de la informaci\u00f3n personal que es proporcionada a nuestro sitio web.&nbsp;\nCada vez que se le solicite rellenar un formulario, como el de alta de usuario,\npuede marcar o desmarcar la opci\u00f3n de recibir informaci\u00f3n por correo electr\u00f3nico.\n&nbsp;En caso de que haya marcado la opci\u00f3n de recibir nuestro bolet\u00edn o\npublicidad usted puede cancelarla en cualquier momento.<\/p>\n\n\n\n<p>Este sitio web no vender\u00e1, ceder\u00e1 ni distribuir\u00e1 la informaci\u00f3n\npersonal que es recopilada sin su consentimiento, salvo que sea requerido por\nun juez a trav\u00e9s de una orden judicial.<\/p>\n\n\n\n<p>Finalmente, www.manejodecrisis.cl se reserva el derecho de cambiar\nlos t\u00e9rminos de la presente Pol\u00edtica de Privacidad en cualquier momento.<\/p>\n","protected":false},"excerpt":{"rendered":"<p>POL\u00cdTICA DE PRIVACIDAD La presente Pol\u00edtica de Privacidad establece los t\u00e9rminos en que www.manejodecrisis.cl usa y protege la informaci\u00f3n que es proporcionada por sus usuarios al momento de utilizar su sitio web. Este sitio est\u00e1 comprometido con la seguridad de los datos de sus usuarios. Cuando le pedimos llenar los campos de informaci\u00f3n personal con [&hellip;]<\/p>\n","protected":false},"author":1,"featured_media":0,"parent":0,"menu_order":0,"comment_status":"closed","ping_status":"open","template":"","meta":{"site-sidebar-layout":"default","site-content-layout":"","ast-site-content-layout":"default","site-content-style":"default","site-sidebar-style":"default","ast-global-header-display":"","ast-banner-title-visibility":"","ast-main-header-display":"","ast-hfb-above-header-display":"","ast-hfb-below-header-display":"","ast-hfb-mobile-header-display":"","site-post-title":"","ast-breadcrumbs-content":"","ast-featured-img":"","footer-sml-layout":"","ast-disable-related-posts":"","theme-transparent-header-meta":"","adv-header-id-meta":"","stick-header-meta":"","header-above-stick-meta":"","header-main-stick-meta":"","header-below-stick-meta":"","astra-migrate-meta-layouts":"default","ast-page-background-enabled":"default","ast-page-background-meta":{"desktop":{"background-color":"var(--ast-global-color-4)","background-image":"","background-repeat":"repeat","background-position":"center center","background-size":"auto","background-attachment":"scroll","background-type":"","background-media":"","overlay-type":"","overlay-color":"","overlay-opacity":"","overlay-gradient":""},"tablet":{"background-color":"","background-image":"","background-repeat":"repeat","background-position":"center center","background-size":"auto","background-attachment":"scroll","background-type":"","background-media":"","overlay-type":"","overlay-color":"","overlay-opacity":"","overlay-gradient":""},"mobile":{"background-color":"","background-image":"","background-repeat":"repeat","background-position":"center center","background-size":"auto","background-attachment":"scroll","background-type":"","background-media":"","overlay-type":"","overlay-color":"","overlay-opacity":"","overlay-gradient":""}},"ast-content-background-meta":{"desktop":{"background-color":"var(--ast-global-color-5)","background-image":"","background-repeat":"repeat","background-position":"center center","background-size":"auto","background-attachment":"scroll","background-type":"","background-media":"","overlay-type":"","overlay-color":"","overlay-opacity":"","overlay-gradient":""},"tablet":{"background-color":"var(--ast-global-color-5)","background-image":"","background-repeat":"repeat","background-position":"center center","background-size":"auto","background-attachment":"scroll","background-type":"","background-media":"","overlay-type":"","overlay-color":"","overlay-opacity":"","overlay-gradient":""},"mobile":{"background-color":"var(--ast-global-color-5)","background-image":"","background-repeat":"repeat","background-position":"center center","background-size":"auto","background-attachment":"scroll","background-type":"","background-media":"","overlay-type":"","overlay-color":"","overlay-opacity":"","overlay-gradient":""}},"footnotes":""},"class_list":["post-3","page","type-page","status-publish","hentry"],"yoast_head":"<!-- This site is optimized with the Yoast SEO plugin v27.2 - https:\/\/yoast.com\/product\/yoast-seo-wordpress\/ -->\n<title>Pol\u00edtica de Privacidad - Manejo de Crisis<\/title>\n<meta name=\"description\" content=\"La Pol\u00edtica de Privacidad establece los t\u00e9rminos en que www.manejodecrisis.cl usa y protege la informaci\u00f3n que es proporcionada por sus usuarios.\" \/>\n<meta name=\"robots\" content=\"index, follow, max-snippet:-1, max-image-preview:large, max-video-preview:-1\" \/>\n<link rel=\"canonical\" href=\"https:\/\/manejodecrisis.cl\/?page_id=3\" \/>\n<meta property=\"og:locale\" content=\"es_ES\" \/>\n<meta property=\"og:type\" content=\"article\" \/>\n<meta property=\"og:title\" content=\"Pol\u00edtica de Privacidad - Manejo de Crisis\" \/>\n<meta property=\"og:description\" content=\"La Pol\u00edtica de Privacidad establece los t\u00e9rminos en que www.manejodecrisis.cl usa y protege la informaci\u00f3n que es proporcionada por sus usuarios.\" \/>\n<meta property=\"og:url\" content=\"https:\/\/manejodecrisis.cl\/?page_id=3\" \/>\n<meta property=\"og:site_name\" content=\"Manejo de Crisis\" \/>\n<meta property=\"article:modified_time\" content=\"2020-01-29T20:27:18+00:00\" \/>\n<meta name=\"twitter:card\" content=\"summary_large_image\" \/>\n<meta name=\"twitter:label1\" content=\"Tiempo de lectura\" \/>\n\t<meta name=\"twitter:data1\" content=\"4 minutos\" \/>\n<script type=\"application\/ld+json\" class=\"yoast-schema-graph\">{\"@context\":\"https:\/\/schema.org\",\"@graph\":[{\"@type\":\"WebPage\",\"@id\":\"https:\/\/manejodecrisis.cl\/?page_id=3\",\"url\":\"https:\/\/manejodecrisis.cl\/?page_id=3\",\"name\":\"Pol\u00edtica de Privacidad - Manejo de Crisis\",\"isPartOf\":{\"@id\":\"https:\/\/manejodecrisis.cl\/#website\"},\"datePublished\":\"2020-01-13T23:31:24+00:00\",\"dateModified\":\"2020-01-29T20:27:18+00:00\",\"description\":\"La Pol\u00edtica de Privacidad establece los t\u00e9rminos en que www.manejodecrisis.cl usa y protege la informaci\u00f3n que es proporcionada por sus usuarios.\",\"breadcrumb\":{\"@id\":\"https:\/\/manejodecrisis.cl\/?page_id=3#breadcrumb\"},\"inLanguage\":\"es\",\"potentialAction\":[{\"@type\":\"ReadAction\",\"target\":[\"https:\/\/manejodecrisis.cl\/?page_id=3\"]}]},{\"@type\":\"BreadcrumbList\",\"@id\":\"https:\/\/manejodecrisis.cl\/?page_id=3#breadcrumb\",\"itemListElement\":[{\"@type\":\"ListItem\",\"position\":1,\"name\":\"Portada\",\"item\":\"https:\/\/manejodecrisis.cl\/\"},{\"@type\":\"ListItem\",\"position\":2,\"name\":\"Pol\u00edtica de Privacidad\"}]},{\"@type\":\"WebSite\",\"@id\":\"https:\/\/manejodecrisis.cl\/#website\",\"url\":\"https:\/\/manejodecrisis.cl\/\",\"name\":\"Manejo de Crisis\",\"description\":\"Consultor\u00eda, Asesor\u00eda y Capacitaci\u00f3n\",\"publisher\":{\"@id\":\"https:\/\/manejodecrisis.cl\/#organization\"},\"potentialAction\":[{\"@type\":\"SearchAction\",\"target\":{\"@type\":\"EntryPoint\",\"urlTemplate\":\"https:\/\/manejodecrisis.cl\/?s={search_term_string}\"},\"query-input\":{\"@type\":\"PropertyValueSpecification\",\"valueRequired\":true,\"valueName\":\"search_term_string\"}}],\"inLanguage\":\"es\"},{\"@type\":\"Organization\",\"@id\":\"https:\/\/manejodecrisis.cl\/#organization\",\"name\":\"Manejo de Crisis\",\"url\":\"https:\/\/manejodecrisis.cl\/\",\"logo\":{\"@type\":\"ImageObject\",\"inLanguage\":\"es\",\"@id\":\"https:\/\/manejodecrisis.cl\/#\/schema\/logo\/image\/\",\"url\":\"https:\/\/manejodecrisis.cl\/wp-content\/uploads\/2020\/02\/cropped-LogoMakr_6DXcik-1.png\",\"contentUrl\":\"https:\/\/manejodecrisis.cl\/wp-content\/uploads\/2020\/02\/cropped-LogoMakr_6DXcik-1.png\",\"width\":177,\"height\":192,\"caption\":\"Manejo de Crisis \"},\"image\":{\"@id\":\"https:\/\/manejodecrisis.cl\/#\/schema\/logo\/image\/\"}}]}<\/script>\n<!-- \/ Yoast SEO plugin. -->","yoast_head_json":{"title":"Pol\u00edtica de Privacidad - Manejo de Crisis","description":"La Pol\u00edtica de Privacidad establece los t\u00e9rminos en que www.manejodecrisis.cl usa y protege la informaci\u00f3n que es proporcionada por sus usuarios.","robots":{"index":"index","follow":"follow","max-snippet":"max-snippet:-1","max-image-preview":"max-image-preview:large","max-video-preview":"max-video-preview:-1"},"canonical":"https:\/\/manejodecrisis.cl\/?page_id=3","og_locale":"es_ES","og_type":"article","og_title":"Pol\u00edtica de Privacidad - Manejo de Crisis","og_description":"La Pol\u00edtica de Privacidad establece los t\u00e9rminos en que www.manejodecrisis.cl usa y protege la informaci\u00f3n que es proporcionada por sus usuarios.","og_url":"https:\/\/manejodecrisis.cl\/?page_id=3","og_site_name":"Manejo de Crisis","article_modified_time":"2020-01-29T20:27:18+00:00","twitter_card":"summary_large_image","twitter_misc":{"Tiempo de lectura":"4 minutos"},"schema":{"@context":"https:\/\/schema.org","@graph":[{"@type":"WebPage","@id":"https:\/\/manejodecrisis.cl\/?page_id=3","url":"https:\/\/manejodecrisis.cl\/?page_id=3","name":"Pol\u00edtica de Privacidad - Manejo de Crisis","isPartOf":{"@id":"https:\/\/manejodecrisis.cl\/#website"},"datePublished":"2020-01-13T23:31:24+00:00","dateModified":"2020-01-29T20:27:18+00:00","description":"La Pol\u00edtica de Privacidad establece los t\u00e9rminos en que www.manejodecrisis.cl usa y protege la informaci\u00f3n que es proporcionada por sus usuarios.","breadcrumb":{"@id":"https:\/\/manejodecrisis.cl\/?page_id=3#breadcrumb"},"inLanguage":"es","potentialAction":[{"@type":"ReadAction","target":["https:\/\/manejodecrisis.cl\/?page_id=3"]}]},{"@type":"BreadcrumbList","@id":"https:\/\/manejodecrisis.cl\/?page_id=3#breadcrumb","itemListElement":[{"@type":"ListItem","position":1,"name":"Portada","item":"https:\/\/manejodecrisis.cl\/"},{"@type":"ListItem","position":2,"name":"Pol\u00edtica de Privacidad"}]},{"@type":"WebSite","@id":"https:\/\/manejodecrisis.cl\/#website","url":"https:\/\/manejodecrisis.cl\/","name":"Manejo de Crisis","description":"Consultor\u00eda, Asesor\u00eda y Capacitaci\u00f3n","publisher":{"@id":"https:\/\/manejodecrisis.cl\/#organization"},"potentialAction":[{"@type":"SearchAction","target":{"@type":"EntryPoint","urlTemplate":"https:\/\/manejodecrisis.cl\/?s={search_term_string}"},"query-input":{"@type":"PropertyValueSpecification","valueRequired":true,"valueName":"search_term_string"}}],"inLanguage":"es"},{"@type":"Organization","@id":"https:\/\/manejodecrisis.cl\/#organization","name":"Manejo de Crisis","url":"https:\/\/manejodecrisis.cl\/","logo":{"@type":"ImageObject","inLanguage":"es","@id":"https:\/\/manejodecrisis.cl\/#\/schema\/logo\/image\/","url":"https:\/\/manejodecrisis.cl\/wp-content\/uploads\/2020\/02\/cropped-LogoMakr_6DXcik-1.png","contentUrl":"https:\/\/manejodecrisis.cl\/wp-content\/uploads\/2020\/02\/cropped-LogoMakr_6DXcik-1.png","width":177,"height":192,"caption":"Manejo de Crisis "},"image":{"@id":"https:\/\/manejodecrisis.cl\/#\/schema\/logo\/image\/"}}]}},"_links":{"self":[{"href":"https:\/\/manejodecrisis.cl\/index.php?rest_route=\/wp\/v2\/pages\/3","targetHints":{"allow":["GET"]}}],"collection":[{"href":"https:\/\/manejodecrisis.cl\/index.php?rest_route=\/wp\/v2\/pages"}],"about":[{"href":"https:\/\/manejodecrisis.cl\/index.php?rest_route=\/wp\/v2\/types\/page"}],"author":[{"embeddable":true,"href":"https:\/\/manejodecrisis.cl\/index.php?rest_route=\/wp\/v2\/users\/1"}],"replies":[{"embeddable":true,"href":"https:\/\/manejodecrisis.cl\/index.php?rest_route=%2Fwp%2Fv2%2Fcomments&post=3"}],"version-history":[{"count":2,"href":"https:\/\/manejodecrisis.cl\/index.php?rest_route=\/wp\/v2\/pages\/3\/revisions"}],"predecessor-version":[{"id":130,"href":"https:\/\/manejodecrisis.cl\/index.php?rest_route=\/wp\/v2\/pages\/3\/revisions\/130"}],"wp:attachment":[{"href":"https:\/\/manejodecrisis.cl\/index.php?rest_route=%2Fwp%2Fv2%2Fmedia&parent=3"}],"curies":[{"name":"wp","href":"https:\/\/api.w.org\/{rel}","templated":true}]}}