{"id":84,"date":"2020-01-29T17:25:12","date_gmt":"2020-01-29T17:25:12","guid":{"rendered":"https:\/\/manejodecrisis.cl\/?page_id=84"},"modified":"2022-02-11T18:48:13","modified_gmt":"2022-02-11T18:48:13","slug":"inicio","status":"publish","type":"page","link":"https:\/\/manejodecrisis.cl\/","title":{"rendered":"Inicio"},"content":{"rendered":"\t\t<div data-elementor-type=\"wp-page\" data-elementor-id=\"84\" class=\"elementor elementor-84\">\n\t\t\t\t\t\t<section class=\"elementor-section elementor-top-section elementor-element elementor-element-6dce3bfe elementor-section-content-middle elementor-section-boxed elementor-section-height-default elementor-section-height-default\" data-id=\"6dce3bfe\" data-element_type=\"section\" data-e-type=\"section\" data-settings=\"{&quot;background_background&quot;:&quot;classic&quot;}\">\n\t\t\t\t\t\t<div class=\"elementor-container elementor-column-gap-no\">\n\t\t\t\t\t<div class=\"elementor-column elementor-col-100 elementor-top-column elementor-element elementor-element-25d9132e\" data-id=\"25d9132e\" data-element_type=\"column\" data-e-type=\"column\">\n\t\t\t<div class=\"elementor-widget-wrap elementor-element-populated\">\n\t\t\t\t\t\t<div class=\"elementor-element elementor-element-5fb0bc20 elementor-widget elementor-widget-heading\" data-id=\"5fb0bc20\" data-element_type=\"widget\" data-e-type=\"widget\" data-widget_type=\"heading.default\">\n\t\t\t\t<div class=\"elementor-widget-container\">\n\t\t\t\t\t<h2 class=\"elementor-heading-title elementor-size-default\">\u00bfManejar una Crisis?<\/h2>\t\t\t\t<\/div>\n\t\t\t\t<\/div>\n\t\t\t\t<div class=\"elementor-element elementor-element-1efa630a elementor-widget elementor-widget-heading\" data-id=\"1efa630a\" data-element_type=\"widget\" data-e-type=\"widget\" data-widget_type=\"heading.default\">\n\t\t\t\t<div class=\"elementor-widget-container\">\n\t\t\t\t\t<h5 class=\"elementor-heading-title elementor-size-default\">OBT\u00c9N MEJORES RESULTADOS GESTIONANDO PREVIAMENTE LOS ESCENARIOS!\u200b<\/h5>\t\t\t\t<\/div>\n\t\t\t\t<\/div>\n\t\t\t\t\t<\/div>\n\t\t<\/div>\n\t\t\t\t\t<\/div>\n\t\t<\/section>\n\t\t\t\t<section class=\"elementor-section elementor-top-section elementor-element elementor-element-4564153c elementor-section-content-middle elementor-section-boxed elementor-section-height-default elementor-section-height-default\" data-id=\"4564153c\" data-element_type=\"section\" data-e-type=\"section\">\n\t\t\t\t\t\t<div class=\"elementor-container elementor-column-gap-no\">\n\t\t\t\t\t<div class=\"elementor-column elementor-col-100 elementor-top-column elementor-element elementor-element-46a7fe51\" data-id=\"46a7fe51\" data-element_type=\"column\" data-e-type=\"column\">\n\t\t\t<div class=\"elementor-widget-wrap elementor-element-populated\">\n\t\t\t\t\t\t<div class=\"elementor-element elementor-element-ba39c43 elementor-widget elementor-widget-heading\" data-id=\"ba39c43\" data-element_type=\"widget\" data-e-type=\"widget\" data-widget_type=\"heading.default\">\n\t\t\t\t<div class=\"elementor-widget-container\">\n\t\t\t\t\t<h4 class=\"elementor-heading-title elementor-size-default\">\u00bfEst\u00e1n realmente preparados?<\/h4>\t\t\t\t<\/div>\n\t\t\t\t<\/div>\n\t\t\t\t<div class=\"elementor-element elementor-element-320a5880 elementor-widget elementor-widget-text-editor\" data-id=\"320a5880\" data-element_type=\"widget\" data-e-type=\"widget\" data-widget_type=\"text-editor.default\">\n\t\t\t\t<div class=\"elementor-widget-container\">\n\t\t\t\t\t\t\t\t\t<p>La Gesti\u00f3n o Manejo de Crisis, es una herramienta comunicacional que se orienta en esencia a a desarrollar estrategias, habilidades y capacidades que permitan planear, controlar y manejar situaciones adversas que ponen en riesgo la reputaci\u00f3n de una organizaci\u00f3n, permitiendo identificar posibles escenarios adversos, definir procedimientos y dise\u00f1ar de estrategias comunicacionales.<\/p>\n<p>En este sitio web encontrar\u00e1 algunos contenidos generales y servicios sobre aspectos esenciales de las comunicaciones aplicadas a la gesti\u00f3n de crisis, el manejo de incidentes cr\u00edticos, la inteligencia reputacional y estrategias de prevenci\u00f3n comunicacional.<\/p>\n<p><!-- \/wp:paragraph --><!-- wp:paragraph --><\/p>\t\t\t\t\t\t\t\t<\/div>\n\t\t\t\t<\/div>\n\t\t\t\t<section class=\"elementor-section elementor-inner-section elementor-element elementor-element-220d3940 elementor-section-content-middle elementor-section-boxed elementor-section-height-default elementor-section-height-default\" data-id=\"220d3940\" data-element_type=\"section\" data-e-type=\"section\">\n\t\t\t\t\t\t<div class=\"elementor-container elementor-column-gap-no\">\n\t\t\t\t\t<div class=\"elementor-column elementor-col-100 elementor-inner-column elementor-element elementor-element-19354a6c\" data-id=\"19354a6c\" data-element_type=\"column\" data-e-type=\"column\">\n\t\t\t<div class=\"elementor-widget-wrap elementor-element-populated\">\n\t\t\t\t\t\t<div class=\"elementor-element elementor-element-302d359b elementor-align-center elementor-widget elementor-widget-button\" data-id=\"302d359b\" data-element_type=\"widget\" data-e-type=\"widget\" data-widget_type=\"button.default\">\n\t\t\t\t<div class=\"elementor-widget-container\">\n\t\t\t\t\t\t\t\t\t<div class=\"elementor-button-wrapper\">\n\t\t\t\t\t<a class=\"elementor-button elementor-button-link elementor-size-sm elementor-animation-grow\" href=\"https:\/\/manejodecrisis.cl\/servicios\/\">\n\t\t\t\t\t\t<span class=\"elementor-button-content-wrapper\">\n\t\t\t\t\t\t\t\t\t<span class=\"elementor-button-text\">Conozca M\u00e1s<\/span>\n\t\t\t\t\t<\/span>\n\t\t\t\t\t<\/a>\n\t\t\t\t<\/div>\n\t\t\t\t\t\t\t\t<\/div>\n\t\t\t\t<\/div>\n\t\t\t\t\t<\/div>\n\t\t<\/div>\n\t\t\t\t\t<\/div>\n\t\t<\/section>\n\t\t\t\t\t<\/div>\n\t\t<\/div>\n\t\t\t\t\t<\/div>\n\t\t<\/section>\n\t\t\t\t<section class=\"elementor-section elementor-top-section elementor-element elementor-element-2ae7de25 elementor-section-content-middle elementor-section-boxed elementor-section-height-default elementor-section-height-default\" data-id=\"2ae7de25\" data-element_type=\"section\" data-e-type=\"section\">\n\t\t\t\t\t\t<div class=\"elementor-container elementor-column-gap-no\">\n\t\t\t\t\t<div class=\"elementor-column elementor-col-100 elementor-top-column elementor-element elementor-element-63a8d157\" data-id=\"63a8d157\" data-element_type=\"column\" data-e-type=\"column\">\n\t\t\t<div class=\"elementor-widget-wrap elementor-element-populated\">\n\t\t\t\t\t\t<div class=\"elementor-element elementor-element-7ec87d4b elementor-widget elementor-widget-heading\" data-id=\"7ec87d4b\" data-element_type=\"widget\" data-e-type=\"widget\" data-widget_type=\"heading.default\">\n\t\t\t\t<div class=\"elementor-widget-container\">\n\t\t\t\t\t<h4 class=\"elementor-heading-title elementor-size-default\">Partners<\/h4>\t\t\t\t<\/div>\n\t\t\t\t<\/div>\n\t\t\t\t<div class=\"elementor-element elementor-element-79c1e991 elementor-widget elementor-widget-heading\" data-id=\"79c1e991\" data-element_type=\"widget\" data-e-type=\"widget\" data-widget_type=\"heading.default\">\n\t\t\t\t<div class=\"elementor-widget-container\">\n\t\t\t\t\t<h5 class=\"elementor-heading-title elementor-size-default\">Produciendo informaci\u00f3n para gestionar mejor el escenario. \n\n<\/h5>\t\t\t\t<\/div>\n\t\t\t\t<\/div>\n\t\t\t\t<section class=\"elementor-section elementor-inner-section elementor-element elementor-element-63f76c52 elementor-section-content-middle elementor-section-boxed elementor-section-height-default elementor-section-height-default\" data-id=\"63f76c52\" data-element_type=\"section\" data-e-type=\"section\">\n\t\t\t\t\t\t<div class=\"elementor-container elementor-column-gap-default\">\n\t\t\t\t\t<div class=\"elementor-column elementor-col-100 elementor-inner-column elementor-element elementor-element-71fa34a2\" data-id=\"71fa34a2\" data-element_type=\"column\" data-e-type=\"column\">\n\t\t\t<div class=\"elementor-widget-wrap elementor-element-populated\">\n\t\t\t\t\t\t<div class=\"elementor-element elementor-element-aced4c9 elementor-widget elementor-widget-image\" data-id=\"aced4c9\" data-element_type=\"widget\" data-e-type=\"widget\" data-widget_type=\"image.default\">\n\t\t\t\t<div class=\"elementor-widget-container\">\n\t\t\t\t\t\t\t\t\t\t\t\t\t\t\t\t<a href=\"http:\/\/www.infostrata.cl\">\n\t\t\t\t\t\t\t<img fetchpriority=\"high\" decoding=\"async\" width=\"400\" height=\"246\" src=\"https:\/\/manejodecrisis.cl\/wp-content\/uploads\/2021\/06\/LogoMakr-5QEjdM.png\" class=\"attachment-large size-large wp-image-252\" alt=\"\" srcset=\"https:\/\/manejodecrisis.cl\/wp-content\/uploads\/2021\/06\/LogoMakr-5QEjdM.png 400w, https:\/\/manejodecrisis.cl\/wp-content\/uploads\/2021\/06\/LogoMakr-5QEjdM-300x185.png 300w\" sizes=\"(max-width: 400px) 100vw, 400px\" \/>\t\t\t\t\t\t\t\t<\/a>\n\t\t\t\t\t\t\t\t\t\t\t\t\t\t\t<\/div>\n\t\t\t\t<\/div>\n\t\t\t\t<div class=\"elementor-element elementor-element-5fc84e4 elementor-align-center elementor-widget elementor-widget-button\" data-id=\"5fc84e4\" data-element_type=\"widget\" data-e-type=\"widget\" data-widget_type=\"button.default\">\n\t\t\t\t<div class=\"elementor-widget-container\">\n\t\t\t\t\t\t\t\t\t<div class=\"elementor-button-wrapper\">\n\t\t\t\t\t<a class=\"elementor-button elementor-button-link elementor-size-sm elementor-animation-grow\" href=\"http:\/\/www.infostrata.cl\">\n\t\t\t\t\t\t<span class=\"elementor-button-content-wrapper\">\n\t\t\t\t\t\t\t\t\t<span class=\"elementor-button-text\">M\u00c1S INFORMACI\u00d3N<\/span>\n\t\t\t\t\t<\/span>\n\t\t\t\t\t<\/a>\n\t\t\t\t<\/div>\n\t\t\t\t\t\t\t\t<\/div>\n\t\t\t\t<\/div>\n\t\t\t\t\t<\/div>\n\t\t<\/div>\n\t\t\t\t\t<\/div>\n\t\t<\/section>\n\t\t\t\t\t<\/div>\n\t\t<\/div>\n\t\t\t\t\t<\/div>\n\t\t<\/section>\n\t\t\t\t<\/div>\n\t\t","protected":false},"excerpt":{"rendered":"<p>\u00bfManejar una Crisis? OBT\u00c9N MEJORES RESULTADOS GESTIONANDO PREVIAMENTE LOS ESCENARIOS!\u200b \u00bfEst\u00e1n realmente preparados? La Gesti\u00f3n o Manejo de Crisis, es una herramienta comunicacional que se orienta en esencia a a desarrollar estrategias, habilidades y capacidades que permitan planear, controlar y manejar situaciones adversas que ponen en riesgo la reputaci\u00f3n de una organizaci\u00f3n, permitiendo identificar posibles [&hellip;]<\/p>\n","protected":false},"author":1,"featured_media":128,"parent":0,"menu_order":0,"comment_status":"closed","ping_status":"closed","template":"","meta":{"site-sidebar-layout":"default","site-content-layout":"default","ast-site-content-layout":"default","site-content-style":"default","site-sidebar-style":"default","ast-global-header-display":"","ast-banner-title-visibility":"","ast-main-header-display":"","ast-hfb-above-header-display":"","ast-hfb-below-header-display":"","ast-hfb-mobile-header-display":"","site-post-title":"disabled","ast-breadcrumbs-content":"","ast-featured-img":"disabled","footer-sml-layout":"","ast-disable-related-posts":"","theme-transparent-header-meta":"default","adv-header-id-meta":"","stick-header-meta":"","header-above-stick-meta":"","header-main-stick-meta":"","header-below-stick-meta":"","astra-migrate-meta-layouts":"default","ast-page-background-enabled":"default","ast-page-background-meta":{"desktop":{"background-color":"var(--ast-global-color-4)","background-image":"","background-repeat":"repeat","background-position":"center center","background-size":"auto","background-attachment":"scroll","background-type":"","background-media":"","overlay-type":"","overlay-color":"","overlay-opacity":"","overlay-gradient":""},"tablet":{"background-color":"","background-image":"","background-repeat":"repeat","background-position":"center center","background-size":"auto","background-attachment":"scroll","background-type":"","background-media":"","overlay-type":"","overlay-color":"","overlay-opacity":"","overlay-gradient":""},"mobile":{"background-color":"","background-image":"","background-repeat":"repeat","background-position":"center center","background-size":"auto","background-attachment":"scroll","background-type":"","background-media":"","overlay-type":"","overlay-color":"","overlay-opacity":"","overlay-gradient":""}},"ast-content-background-meta":{"desktop":{"background-color":"var(--ast-global-color-5)","background-image":"","background-repeat":"repeat","background-position":"center center","background-size":"auto","background-attachment":"scroll","background-type":"","background-media":"","overlay-type":"","overlay-color":"","overlay-opacity":"","overlay-gradient":""},"tablet":{"background-color":"var(--ast-global-color-5)","background-image":"","background-repeat":"repeat","background-position":"center center","background-size":"auto","background-attachment":"scroll","background-type":"","background-media":"","overlay-type":"","overlay-color":"","overlay-opacity":"","overlay-gradient":""},"mobile":{"background-color":"var(--ast-global-color-5)","background-image":"","background-repeat":"repeat","background-position":"center center","background-size":"auto","background-attachment":"scroll","background-type":"","background-media":"","overlay-type":"","overlay-color":"","overlay-opacity":"","overlay-gradient":""}},"footnotes":""},"class_list":["post-84","page","type-page","status-publish","has-post-thumbnail","hentry"],"yoast_head":"<!-- This site is optimized with the Yoast SEO plugin v27.2 - https:\/\/yoast.com\/product\/yoast-seo-wordpress\/ -->\n<title>Inicio - Manejo de Crisis<\/title>\n<meta name=\"description\" content=\"El Manejo de Crisis permite generar herramientas comunicacionales y desarrollar habilidades y capacidades para controlar y manejar situaciones adversas.\" \/>\n<meta name=\"robots\" content=\"index, follow, max-snippet:-1, max-image-preview:large, max-video-preview:-1\" \/>\n<link rel=\"canonical\" href=\"https:\/\/manejodecrisis.cl\/\" \/>\n<meta property=\"og:locale\" content=\"es_ES\" \/>\n<meta property=\"og:type\" content=\"article\" \/>\n<meta property=\"og:title\" content=\"Inicio - Manejo de Crisis\" \/>\n<meta property=\"og:description\" content=\"El Manejo de Crisis permite generar herramientas comunicacionales y desarrollar habilidades y capacidades para controlar y manejar situaciones adversas.\" \/>\n<meta property=\"og:url\" content=\"https:\/\/manejodecrisis.cl\/\" \/>\n<meta property=\"og:site_name\" content=\"Manejo de Crisis\" \/>\n<meta property=\"article:modified_time\" content=\"2022-02-11T18:48:13+00:00\" \/>\n<meta property=\"og:image\" content=\"https:\/\/manejodecrisis.cl\/wp-content\/uploads\/2020\/01\/glenn-carstens-peters-npxXWgQ33ZQ-unsplash-scaled.jpg\" \/>\n\t<meta property=\"og:image:width\" content=\"2560\" \/>\n\t<meta property=\"og:image:height\" content=\"1703\" \/>\n\t<meta property=\"og:image:type\" content=\"image\/jpeg\" \/>\n<meta name=\"twitter:card\" content=\"summary_large_image\" \/>\n<meta name=\"twitter:label1\" content=\"Tiempo de lectura\" \/>\n\t<meta name=\"twitter:data1\" content=\"1 minuto\" \/>\n<script type=\"application\/ld+json\" class=\"yoast-schema-graph\">{\"@context\":\"https:\/\/schema.org\",\"@graph\":[{\"@type\":\"WebPage\",\"@id\":\"https:\/\/manejodecrisis.cl\/\",\"url\":\"https:\/\/manejodecrisis.cl\/\",\"name\":\"Inicio - Manejo de Crisis\",\"isPartOf\":{\"@id\":\"https:\/\/manejodecrisis.cl\/#website\"},\"primaryImageOfPage\":{\"@id\":\"https:\/\/manejodecrisis.cl\/#primaryimage\"},\"image\":{\"@id\":\"https:\/\/manejodecrisis.cl\/#primaryimage\"},\"thumbnailUrl\":\"https:\/\/manejodecrisis.cl\/wp-content\/uploads\/2020\/01\/glenn-carstens-peters-npxXWgQ33ZQ-unsplash-scaled.jpg\",\"datePublished\":\"2020-01-29T17:25:12+00:00\",\"dateModified\":\"2022-02-11T18:48:13+00:00\",\"description\":\"El Manejo de Crisis permite generar herramientas comunicacionales y desarrollar habilidades y capacidades para controlar y manejar situaciones adversas.\",\"breadcrumb\":{\"@id\":\"https:\/\/manejodecrisis.cl\/#breadcrumb\"},\"inLanguage\":\"es\",\"potentialAction\":[{\"@type\":\"ReadAction\",\"target\":[\"https:\/\/manejodecrisis.cl\/\"]}]},{\"@type\":\"ImageObject\",\"inLanguage\":\"es\",\"@id\":\"https:\/\/manejodecrisis.cl\/#primaryimage\",\"url\":\"https:\/\/manejodecrisis.cl\/wp-content\/uploads\/2020\/01\/glenn-carstens-peters-npxXWgQ33ZQ-unsplash-scaled.jpg\",\"contentUrl\":\"https:\/\/manejodecrisis.cl\/wp-content\/uploads\/2020\/01\/glenn-carstens-peters-npxXWgQ33ZQ-unsplash-scaled.jpg\",\"width\":2560,\"height\":1703},{\"@type\":\"BreadcrumbList\",\"@id\":\"https:\/\/manejodecrisis.cl\/#breadcrumb\",\"itemListElement\":[{\"@type\":\"ListItem\",\"position\":1,\"name\":\"Portada\",\"item\":\"https:\/\/manejodecrisis.cl\/\"},{\"@type\":\"ListItem\",\"position\":2,\"name\":\"Inicio\"}]},{\"@type\":\"WebSite\",\"@id\":\"https:\/\/manejodecrisis.cl\/#website\",\"url\":\"https:\/\/manejodecrisis.cl\/\",\"name\":\"Manejo de Crisis\",\"description\":\"Consultor\u00eda, Asesor\u00eda y Capacitaci\u00f3n\",\"publisher\":{\"@id\":\"https:\/\/manejodecrisis.cl\/#organization\"},\"potentialAction\":[{\"@type\":\"SearchAction\",\"target\":{\"@type\":\"EntryPoint\",\"urlTemplate\":\"https:\/\/manejodecrisis.cl\/?s={search_term_string}\"},\"query-input\":{\"@type\":\"PropertyValueSpecification\",\"valueRequired\":true,\"valueName\":\"search_term_string\"}}],\"inLanguage\":\"es\"},{\"@type\":\"Organization\",\"@id\":\"https:\/\/manejodecrisis.cl\/#organization\",\"name\":\"Manejo de Crisis\",\"url\":\"https:\/\/manejodecrisis.cl\/\",\"logo\":{\"@type\":\"ImageObject\",\"inLanguage\":\"es\",\"@id\":\"https:\/\/manejodecrisis.cl\/#\/schema\/logo\/image\/\",\"url\":\"https:\/\/manejodecrisis.cl\/wp-content\/uploads\/2020\/02\/cropped-LogoMakr_6DXcik-1.png\",\"contentUrl\":\"https:\/\/manejodecrisis.cl\/wp-content\/uploads\/2020\/02\/cropped-LogoMakr_6DXcik-1.png\",\"width\":177,\"height\":192,\"caption\":\"Manejo de Crisis \"},\"image\":{\"@id\":\"https:\/\/manejodecrisis.cl\/#\/schema\/logo\/image\/\"}}]}<\/script>\n<!-- \/ Yoast SEO plugin. -->","yoast_head_json":{"title":"Inicio - Manejo de Crisis","description":"El Manejo de Crisis permite generar herramientas comunicacionales y desarrollar habilidades y capacidades para controlar y manejar situaciones adversas.","robots":{"index":"index","follow":"follow","max-snippet":"max-snippet:-1","max-image-preview":"max-image-preview:large","max-video-preview":"max-video-preview:-1"},"canonical":"https:\/\/manejodecrisis.cl\/","og_locale":"es_ES","og_type":"article","og_title":"Inicio - Manejo de Crisis","og_description":"El Manejo de Crisis permite generar herramientas comunicacionales y desarrollar habilidades y capacidades para controlar y manejar situaciones adversas.","og_url":"https:\/\/manejodecrisis.cl\/","og_site_name":"Manejo de Crisis","article_modified_time":"2022-02-11T18:48:13+00:00","og_image":[{"width":2560,"height":1703,"url":"https:\/\/manejodecrisis.cl\/wp-content\/uploads\/2020\/01\/glenn-carstens-peters-npxXWgQ33ZQ-unsplash-scaled.jpg","type":"image\/jpeg"}],"twitter_card":"summary_large_image","twitter_misc":{"Tiempo de lectura":"1 minuto"},"schema":{"@context":"https:\/\/schema.org","@graph":[{"@type":"WebPage","@id":"https:\/\/manejodecrisis.cl\/","url":"https:\/\/manejodecrisis.cl\/","name":"Inicio - Manejo de Crisis","isPartOf":{"@id":"https:\/\/manejodecrisis.cl\/#website"},"primaryImageOfPage":{"@id":"https:\/\/manejodecrisis.cl\/#primaryimage"},"image":{"@id":"https:\/\/manejodecrisis.cl\/#primaryimage"},"thumbnailUrl":"https:\/\/manejodecrisis.cl\/wp-content\/uploads\/2020\/01\/glenn-carstens-peters-npxXWgQ33ZQ-unsplash-scaled.jpg","datePublished":"2020-01-29T17:25:12+00:00","dateModified":"2022-02-11T18:48:13+00:00","description":"El Manejo de Crisis permite generar herramientas comunicacionales y desarrollar habilidades y capacidades para controlar y manejar situaciones adversas.","breadcrumb":{"@id":"https:\/\/manejodecrisis.cl\/#breadcrumb"},"inLanguage":"es","potentialAction":[{"@type":"ReadAction","target":["https:\/\/manejodecrisis.cl\/"]}]},{"@type":"ImageObject","inLanguage":"es","@id":"https:\/\/manejodecrisis.cl\/#primaryimage","url":"https:\/\/manejodecrisis.cl\/wp-content\/uploads\/2020\/01\/glenn-carstens-peters-npxXWgQ33ZQ-unsplash-scaled.jpg","contentUrl":"https:\/\/manejodecrisis.cl\/wp-content\/uploads\/2020\/01\/glenn-carstens-peters-npxXWgQ33ZQ-unsplash-scaled.jpg","width":2560,"height":1703},{"@type":"BreadcrumbList","@id":"https:\/\/manejodecrisis.cl\/#breadcrumb","itemListElement":[{"@type":"ListItem","position":1,"name":"Portada","item":"https:\/\/manejodecrisis.cl\/"},{"@type":"ListItem","position":2,"name":"Inicio"}]},{"@type":"WebSite","@id":"https:\/\/manejodecrisis.cl\/#website","url":"https:\/\/manejodecrisis.cl\/","name":"Manejo de Crisis","description":"Consultor\u00eda, Asesor\u00eda y Capacitaci\u00f3n","publisher":{"@id":"https:\/\/manejodecrisis.cl\/#organization"},"potentialAction":[{"@type":"SearchAction","target":{"@type":"EntryPoint","urlTemplate":"https:\/\/manejodecrisis.cl\/?s={search_term_string}"},"query-input":{"@type":"PropertyValueSpecification","valueRequired":true,"valueName":"search_term_string"}}],"inLanguage":"es"},{"@type":"Organization","@id":"https:\/\/manejodecrisis.cl\/#organization","name":"Manejo de Crisis","url":"https:\/\/manejodecrisis.cl\/","logo":{"@type":"ImageObject","inLanguage":"es","@id":"https:\/\/manejodecrisis.cl\/#\/schema\/logo\/image\/","url":"https:\/\/manejodecrisis.cl\/wp-content\/uploads\/2020\/02\/cropped-LogoMakr_6DXcik-1.png","contentUrl":"https:\/\/manejodecrisis.cl\/wp-content\/uploads\/2020\/02\/cropped-LogoMakr_6DXcik-1.png","width":177,"height":192,"caption":"Manejo de Crisis "},"image":{"@id":"https:\/\/manejodecrisis.cl\/#\/schema\/logo\/image\/"}}]}},"_links":{"self":[{"href":"https:\/\/manejodecrisis.cl\/index.php?rest_route=\/wp\/v2\/pages\/84","targetHints":{"allow":["GET"]}}],"collection":[{"href":"https:\/\/manejodecrisis.cl\/index.php?rest_route=\/wp\/v2\/pages"}],"about":[{"href":"https:\/\/manejodecrisis.cl\/index.php?rest_route=\/wp\/v2\/types\/page"}],"author":[{"embeddable":true,"href":"https:\/\/manejodecrisis.cl\/index.php?rest_route=\/wp\/v2\/users\/1"}],"replies":[{"embeddable":true,"href":"https:\/\/manejodecrisis.cl\/index.php?rest_route=%2Fwp%2Fv2%2Fcomments&post=84"}],"version-history":[{"count":25,"href":"https:\/\/manejodecrisis.cl\/index.php?rest_route=\/wp\/v2\/pages\/84\/revisions"}],"predecessor-version":[{"id":287,"href":"https:\/\/manejodecrisis.cl\/index.php?rest_route=\/wp\/v2\/pages\/84\/revisions\/287"}],"wp:featuredmedia":[{"embeddable":true,"href":"https:\/\/manejodecrisis.cl\/index.php?rest_route=\/wp\/v2\/media\/128"}],"wp:attachment":[{"href":"https:\/\/manejodecrisis.cl\/index.php?rest_route=%2Fwp%2Fv2%2Fmedia&parent=84"}],"curies":[{"name":"wp","href":"https:\/\/api.w.org\/{rel}","templated":true}]}}